{"id":145,"date":"2018-07-18T19:27:00","date_gmt":"2018-07-18T17:27:00","guid":{"rendered":"http:\/\/www.leamarchal.com\/?page_id=145"},"modified":"2025-04-09T14:28:03","modified_gmt":"2025-04-09T12:28:03","slug":"about","status":"publish","type":"page","link":"http:\/\/www.leamarchal.com\/index.php\/about\/","title":{"rendered":"About"},"content":{"rendered":"<p style=\"text-align: center;\">Designer multidisciplinaire, dipl\u00f4m\u00e9e en m\u00e9tiers d&rsquo;arts.<\/p>\n<p style=\"text-align: center;\">\u00c0 la recherche de nouveaux usages des mati\u00e8res, j&rsquo;aime exp\u00e9rimenter de multiples techniques artisanales et artistiques comme la broderie, la s\u00e9rigraphie, le quilting, la maille, le collage.<\/p>\n","protected":false},"excerpt":{"rendered":"<p>Designer multidisciplinaire, dipl\u00f4m\u00e9e en m\u00e9tiers d&rsquo;arts. \u00c0 la recherche de nouveaux usages des mati\u00e8res, j&rsquo;aime exp\u00e9rimenter de multiples techniques artisanales et artistiques comme la broderie, la s\u00e9rigraphie, le quilting, la maille, le collage.<\/p>\n","protected":false},"author":1,"featured_media":0,"parent":0,"menu_order":0,"comment_status":"closed","ping_status":"closed","template":"","meta":{"footnotes":""},"yoast_head":"<!-- This site is optimized with the Yoast SEO plugin v22.0 - https:\/\/yoast.com\/wordpress\/plugins\/seo\/ -->\n<title>About - L\u00e9a Marchal<\/title>\n<meta name=\"robots\" content=\"index, follow, max-snippet:-1, max-image-preview:large, max-video-preview:-1\" \/>\n<link rel=\"canonical\" href=\"http:\/\/www.leamarchal.com\/index.php\/about\/\" \/>\n<meta property=\"og:locale\" content=\"fr_FR\" \/>\n<meta property=\"og:type\" content=\"article\" \/>\n<meta property=\"og:title\" content=\"About - L\u00e9a Marchal\" \/>\n<meta property=\"og:description\" content=\"Designer multidisciplinaire, dipl\u00f4m\u00e9e en m\u00e9tiers d&rsquo;arts. \u00c0 la recherche de nouveaux usages des mati\u00e8res, j&rsquo;aime exp\u00e9rimenter de multiples techniques artisanales et artistiques comme la broderie, la s\u00e9rigraphie, le quilting, la maille, le collage.\" \/>\n<meta property=\"og:url\" content=\"http:\/\/www.leamarchal.com\/index.php\/about\/\" \/>\n<meta property=\"og:site_name\" content=\"L\u00e9a Marchal\" \/>\n<meta property=\"article:modified_time\" content=\"2025-04-09T12:28:03+00:00\" \/>\n<meta name=\"twitter:card\" content=\"summary_large_image\" \/>\n<meta name=\"twitter:label1\" content=\"Dur\u00e9e de lecture estim\u00e9e\" \/>\n\t<meta name=\"twitter:data1\" content=\"1 minute\" \/>\n<script type=\"application\/ld+json\" class=\"yoast-schema-graph\">{\"@context\":\"https:\/\/schema.org\",\"@graph\":[{\"@type\":\"WebPage\",\"@id\":\"http:\/\/www.leamarchal.com\/index.php\/about\/\",\"url\":\"http:\/\/www.leamarchal.com\/index.php\/about\/\",\"name\":\"About - L\u00e9a Marchal\",\"isPartOf\":{\"@id\":\"http:\/\/www.leamarchal.com\/#website\"},\"datePublished\":\"2018-07-18T17:27:00+00:00\",\"dateModified\":\"2025-04-09T12:28:03+00:00\",\"breadcrumb\":{\"@id\":\"http:\/\/www.leamarchal.com\/index.php\/about\/#breadcrumb\"},\"inLanguage\":\"fr-FR\",\"potentialAction\":[{\"@type\":\"ReadAction\",\"target\":[\"http:\/\/www.leamarchal.com\/index.php\/about\/\"]}]},{\"@type\":\"BreadcrumbList\",\"@id\":\"http:\/\/www.leamarchal.com\/index.php\/about\/#breadcrumb\",\"itemListElement\":[{\"@type\":\"ListItem\",\"position\":1,\"name\":\"Accueil\",\"item\":\"http:\/\/www.leamarchal.com\/\"},{\"@type\":\"ListItem\",\"position\":2,\"name\":\"About\"}]},{\"@type\":\"WebSite\",\"@id\":\"http:\/\/www.leamarchal.com\/#website\",\"url\":\"http:\/\/www.leamarchal.com\/\",\"name\":\"L\u00e9a Marchal\",\"description\":\"Design textile\",\"potentialAction\":[{\"@type\":\"SearchAction\",\"target\":{\"@type\":\"EntryPoint\",\"urlTemplate\":\"http:\/\/www.leamarchal.com\/?s={search_term_string}\"},\"query-input\":\"required name=search_term_string\"}],\"inLanguage\":\"fr-FR\"}]}<\/script>\n<!-- \/ Yoast SEO plugin. -->","yoast_head_json":{"title":"About - L\u00e9a Marchal","robots":{"index":"index","follow":"follow","max-snippet":"max-snippet:-1","max-image-preview":"max-image-preview:large","max-video-preview":"max-video-preview:-1"},"canonical":"http:\/\/www.leamarchal.com\/index.php\/about\/","og_locale":"fr_FR","og_type":"article","og_title":"About - L\u00e9a Marchal","og_description":"Designer multidisciplinaire, dipl\u00f4m\u00e9e en m\u00e9tiers d&rsquo;arts. \u00c0 la recherche de nouveaux usages des mati\u00e8res, j&rsquo;aime exp\u00e9rimenter de multiples techniques artisanales et artistiques comme la broderie, la s\u00e9rigraphie, le quilting, la maille, le collage.","og_url":"http:\/\/www.leamarchal.com\/index.php\/about\/","og_site_name":"L\u00e9a Marchal","article_modified_time":"2025-04-09T12:28:03+00:00","twitter_card":"summary_large_image","twitter_misc":{"Dur\u00e9e de lecture estim\u00e9e":"1 minute"},"schema":{"@context":"https:\/\/schema.org","@graph":[{"@type":"WebPage","@id":"http:\/\/www.leamarchal.com\/index.php\/about\/","url":"http:\/\/www.leamarchal.com\/index.php\/about\/","name":"About - L\u00e9a Marchal","isPartOf":{"@id":"http:\/\/www.leamarchal.com\/#website"},"datePublished":"2018-07-18T17:27:00+00:00","dateModified":"2025-04-09T12:28:03+00:00","breadcrumb":{"@id":"http:\/\/www.leamarchal.com\/index.php\/about\/#breadcrumb"},"inLanguage":"fr-FR","potentialAction":[{"@type":"ReadAction","target":["http:\/\/www.leamarchal.com\/index.php\/about\/"]}]},{"@type":"BreadcrumbList","@id":"http:\/\/www.leamarchal.com\/index.php\/about\/#breadcrumb","itemListElement":[{"@type":"ListItem","position":1,"name":"Accueil","item":"http:\/\/www.leamarchal.com\/"},{"@type":"ListItem","position":2,"name":"About"}]},{"@type":"WebSite","@id":"http:\/\/www.leamarchal.com\/#website","url":"http:\/\/www.leamarchal.com\/","name":"L\u00e9a Marchal","description":"Design textile","potentialAction":[{"@type":"SearchAction","target":{"@type":"EntryPoint","urlTemplate":"http:\/\/www.leamarchal.com\/?s={search_term_string}"},"query-input":"required name=search_term_string"}],"inLanguage":"fr-FR"}]}},"_links":{"self":[{"href":"http:\/\/www.leamarchal.com\/index.php\/wp-json\/wp\/v2\/pages\/145"}],"collection":[{"href":"http:\/\/www.leamarchal.com\/index.php\/wp-json\/wp\/v2\/pages"}],"about":[{"href":"http:\/\/www.leamarchal.com\/index.php\/wp-json\/wp\/v2\/types\/page"}],"author":[{"embeddable":true,"href":"http:\/\/www.leamarchal.com\/index.php\/wp-json\/wp\/v2\/users\/1"}],"replies":[{"embeddable":true,"href":"http:\/\/www.leamarchal.com\/index.php\/wp-json\/wp\/v2\/comments?post=145"}],"version-history":[{"count":6,"href":"http:\/\/www.leamarchal.com\/index.php\/wp-json\/wp\/v2\/pages\/145\/revisions"}],"predecessor-version":[{"id":303,"href":"http:\/\/www.leamarchal.com\/index.php\/wp-json\/wp\/v2\/pages\/145\/revisions\/303"}],"wp:attachment":[{"href":"http:\/\/www.leamarchal.com\/index.php\/wp-json\/wp\/v2\/media?parent=145"}],"curies":[{"name":"wp","href":"https:\/\/api.w.org\/{rel}","templated":true}]}}